{"id":77294,"date":"2025-11-14T01:36:46","date_gmt":"2025-11-14T00:36:46","guid":{"rendered":"https:\/\/raphia.nl\/product\/rafia-homens-sneaker-hevea-natural-alta\/"},"modified":"2025-12-14T09:58:17","modified_gmt":"2025-12-14T08:58:17","slug":"rafia-homens-sneaker-hevea-natural-alta","status":"publish","type":"product","link":"https:\/\/raphia.nl\/pt-pt\/produto\/rafia-homens-sneaker-hevea-natural-alta\/","title":{"rendered":"R\u00e1fia homens Sneaker Hevea natural alta"},"content":{"rendered":"<p>Os t\u00e9nis Raffia Men Sneaker Hevea Natural High re\u00fanem materiais naturais, detalhes artesanais e uma presen\u00e7a calma do Mediterr\u00e2neo. Cada par \u00e9 cosido \u00e0 m\u00e3o por artes\u00e3os marroquinos, utilizando fibras de r\u00e1fia selecionadas, conhecidas pela sua textura org\u00e2nica, estrutura respir\u00e1vel e capacidade de amolecer gradualmente com o uso. O tom natural real\u00e7a a pureza do material com uma varia\u00e7\u00e3o subtil que reflecte a sua origem artesanal.  <\/p>\n<p>A silhueta de cano alto acrescenta uma estrutura refinada, mantendo a sensa\u00e7\u00e3o de leveza que define o cal\u00e7ado de r\u00e1fia. A parte superior permite um fluxo de ar cont\u00ednuo e adapta-se naturalmente ao p\u00e9 ao longo do tempo, criando um conforto personalizado que se aprofunda \u00e0 medida que o material amolece e ganha car\u00e1cter. <\/p>\n<p>Uma sola de borracha de hevea de primeira qualidade fundamenta as sapatilhas com flexibilidade, amortecimento silencioso e resili\u00eancia natural. Fabricada a partir de borracha natural de origem sustent\u00e1vel, a sola proporciona um passo suave e composto que complementa a sensa\u00e7\u00e3o arejada da r\u00e1fia. Este equil\u00edbrio cria uma sapatilha que te faz sentir sem esfor\u00e7o, ao mesmo tempo que tem uma express\u00e3o quente e terrena.  <\/p>\n<p>Concebidos para pessoas que valorizam a autenticidade, o artesanato lento e a beleza t\u00e1til dos materiais naturais, os Raffia Men Sneaker Hevea Natural High oferecem uma abordagem intemporal ao requinte do dia a dia. As suas linhas simples, o seu tom bot\u00e2nico e a sua precis\u00e3o artesanal fazem com que sejam essenciais e vers\u00e1teis, adequados tanto a guarda-roupas descontra\u00eddos como a guarda-roupas mais elaborados. <\/p>\n","protected":false},"excerpt":{"rendered":"<p>Uma sapatilha de cano alto para homem em r\u00e1fia natural cosida \u00e0 m\u00e3o com uma sola de hevea de primeira qualidade. Leves, respir\u00e1veis e definidas pelo requinte de inspira\u00e7\u00e3o mediterr\u00e2nica. <\/p>\n","protected":false},"featured_media":77295,"comment_status":"open","ping_status":"closed","template":"","meta":[],"product_brand":[],"product_cat":[331],"product_tag":[316,320,315,326,325,324,319,327,321,318,328,317,342,322,329,323,330],"class_list":{"0":"post-77294","1":"product","2":"type-product","3":"status-publish","4":"has-post-thumbnail","6":"product_cat-senhores","7":"product_tag-afdrukken","8":"product_tag-duurzaam","9":"product_tag-katoen","10":"product_tag-manuseamento","11":"product_tag-marokkaans","12":"product_tag-marokko","13":"product_tag-material","14":"product_tag-meio","15":"product_tag-merk","16":"product_tag-natural","17":"product_tag-puha","18":"product_tag-rafia","19":"product_tag-sapatos","20":"product_tag-schoenen","21":"product_tag-schoenwinkel","22":"product_tag-utrecht","23":"product_tag-webwinkel","24":"pa_color_feed-natural","25":"pa_gender_feed-male","26":"pa_size-306","27":"pa_size-307","28":"pa_size-308","29":"pa_size-309","30":"pa_size-332","31":"pa_size-333","32":"pa_size-334","33":"pa_size-335","35":"first","36":"instock","37":"taxable","38":"shipping-taxable","39":"purchasable","40":"product-type-variable","41":"has-default-attributes"},"jetpack_sharing_enabled":true,"_links":{"self":[{"href":"https:\/\/raphia.nl\/pt-pt\/wp-json\/wp\/v2\/product\/77294","targetHints":{"allow":["GET"]}}],"collection":[{"href":"https:\/\/raphia.nl\/pt-pt\/wp-json\/wp\/v2\/product"}],"about":[{"href":"https:\/\/raphia.nl\/pt-pt\/wp-json\/wp\/v2\/types\/product"}],"replies":[{"embeddable":true,"href":"https:\/\/raphia.nl\/pt-pt\/wp-json\/wp\/v2\/comments?post=77294"}],"wp:featuredmedia":[{"embeddable":true,"href":"https:\/\/raphia.nl\/pt-pt\/wp-json\/wp\/v2\/media\/77295"}],"wp:attachment":[{"href":"https:\/\/raphia.nl\/pt-pt\/wp-json\/wp\/v2\/media?parent=77294"}],"wp:term":[{"taxonomy":"product_brand","embeddable":true,"href":"https:\/\/raphia.nl\/pt-pt\/wp-json\/wp\/v2\/product_brand?post=77294"},{"taxonomy":"product_cat","embeddable":true,"href":"https:\/\/raphia.nl\/pt-pt\/wp-json\/wp\/v2\/product_cat?post=77294"},{"taxonomy":"product_tag","embeddable":true,"href":"https:\/\/raphia.nl\/pt-pt\/wp-json\/wp\/v2\/product_tag?post=77294"}],"curies":[{"name":"wp","href":"https:\/\/api.w.org\/{rel}","templated":true}]}}