{"id":76769,"date":"2025-11-14T00:38:33","date_gmt":"2025-11-13T23:38:33","guid":{"rendered":"https:\/\/raphia.nl\/product\/rafia-donna-punta-stura-suola-in-cuoio-naturale\/"},"modified":"2025-12-14T10:07:20","modified_gmt":"2025-12-14T09:07:20","slug":"rafia-donna-punta-stura-suola-in-cuoio-naturale","status":"publish","type":"product","link":"https:\/\/raphia.nl\/it\/prodotto\/rafia-donna-punta-stura-suola-in-cuoio-naturale\/","title":{"rendered":"Rafia donna punta stura suola in cuoio naturale"},"content":{"rendered":"<p>Le Raffia Women Pointy Stura Leather Sole Natural uniscono eleganza e artigianalit\u00e0 in una silhouette raffinata e femminile. Pensata per le donne che apprezzano le linee aggraziate e i dettagli artigianali, la scarpa \u00e8 meticolosamente realizzata in rafia naturale, creando una struttura leggera e traspirante che si adatta perfettamente al piede. La sua texture delicata e le variazioni organiche riflettono l&#8217;autenticit\u00e0 della lavorazione tradizionale marocchina.  <\/p>\n<p>La silhouette appuntita di Stura esalta la presenza raffinata della scarpa, modellando una linea allungata ed elegante pur mantenendo la morbidezza e la flessibilit\u00e0 che caratterizzano la rafia naturale. A ogni calzata, il materiale si adatta delicatamente al piede, creando una calzata personalizzata e consentendo un flusso d&#8217;aria naturale attraverso la struttura intrecciata. Il risultato \u00e8 una scarpa splendidamente scolpita in cui la delicata artigianalit\u00e0 incontra la moderna raffinatezza.  <\/p>\n<p>Il design \u00e8 rifinito con una suola in pelle di prima qualit\u00e0 che offre flessibilit\u00e0, durata e un look raffinato. La sua tonalit\u00e0 calda si abbina alla tomaia in rafia e rafforza il carattere calmo e di ispirazione mediterranea della scarpa. Questa combinazione di materiali naturali, forme femminili e dettagli artigianali crea un pezzo senza tempo adatto a un guardaroba quotidiano e raffinato.  <\/p>\n<p>Progettate per le donne che apprezzano l&#8217;autenticit\u00e0, la maestria e la sobria eleganza, le Pointy Stura Leather Sole Natural si abbinano senza sforzo a biancheria, abiti, silhouette sartoriali e palette neutre. Offre un&#8217;espressione serena ed elevata delle calzature marocchine fatte a mano. <\/p>\n","protected":false},"excerpt":{"rendered":"<p>Una raffinata scarpa a punta in rafia Stura realizzata per le donne che apprezzano le silhouette aggraziate e i dettagli artigianali. Leggera, traspirante e rifinita con una suola in pelle di prima qualit\u00e0 per essere indossata con eleganza tutti i giorni. <\/p>\n","protected":false},"featured_media":78144,"comment_status":"open","ping_status":"closed","template":"","meta":[],"product_brand":[],"product_cat":[295],"product_tag":[262,214,259,244,275,256,235,226,231,271,265,222,274,248,268,240,218,252],"class_list":{"0":"post-76769","1":"product","2":"type-product","3":"status-publish","4":"has-post-thumbnail","6":"product_cat-donna","7":"product_tag-ambientale","8":"product_tag-cotone","9":"product_tag-fatto-a-mano","10":"product_tag-marca","11":"product_tag-marocco-2","12":"product_tag-marocco","13":"product_tag-materiale","14":"product_tag-naturale","15":"product_tag-naturalmente","16":"product_tag-negozio-online","17":"product_tag-puha","18":"product_tag-rafia","19":"product_tag-scarpe-2","20":"product_tag-scarpe","21":"product_tag-schoenwinkel","22":"product_tag-sostenibile","23":"product_tag-stampa","24":"product_tag-utrecht","25":"pa_color_feed-naturale","26":"pa_gender_feed-female","27":"pa_kleur-naturale","28":"pa_size-293","29":"pa_size-287","30":"pa_size-291","31":"pa_size-286","32":"pa_size-171","33":"pa_size-175","34":"pa_size-181","35":"pa_size-186","37":"first","38":"instock","39":"taxable","40":"shipping-taxable","41":"purchasable","42":"product-type-variable","43":"has-default-attributes"},"jetpack_sharing_enabled":true,"_links":{"self":[{"href":"https:\/\/raphia.nl\/it\/wp-json\/wp\/v2\/product\/76769","targetHints":{"allow":["GET"]}}],"collection":[{"href":"https:\/\/raphia.nl\/it\/wp-json\/wp\/v2\/product"}],"about":[{"href":"https:\/\/raphia.nl\/it\/wp-json\/wp\/v2\/types\/product"}],"replies":[{"embeddable":true,"href":"https:\/\/raphia.nl\/it\/wp-json\/wp\/v2\/comments?post=76769"}],"wp:featuredmedia":[{"embeddable":true,"href":"https:\/\/raphia.nl\/it\/wp-json\/wp\/v2\/media\/78144"}],"wp:attachment":[{"href":"https:\/\/raphia.nl\/it\/wp-json\/wp\/v2\/media?parent=76769"}],"wp:term":[{"taxonomy":"product_brand","embeddable":true,"href":"https:\/\/raphia.nl\/it\/wp-json\/wp\/v2\/product_brand?post=76769"},{"taxonomy":"product_cat","embeddable":true,"href":"https:\/\/raphia.nl\/it\/wp-json\/wp\/v2\/product_cat?post=76769"},{"taxonomy":"product_tag","embeddable":true,"href":"https:\/\/raphia.nl\/it\/wp-json\/wp\/v2\/product_tag?post=76769"}],"curies":[{"name":"wp","href":"https:\/\/api.w.org\/{rel}","templated":true}]}}