{"id":76446,"date":"2025-11-14T00:57:28","date_gmt":"2025-11-13T23:57:28","guid":{"rendered":"https:\/\/raphia.nl\/product\/sneaker-da-donna-in-rafia-hevea-a-righe-nere-alte\/"},"modified":"2025-12-14T10:06:11","modified_gmt":"2025-12-14T09:06:11","slug":"sneaker-da-donna-in-rafia-hevea-a-righe-nere-alte","status":"publish","type":"product","link":"https:\/\/raphia.nl\/it\/prodotto\/sneaker-da-donna-in-rafia-hevea-a-righe-nere-alte\/","title":{"rendered":"Raffia Donna Sneaker Hevea Charcoal alta"},"content":{"rendered":"<p>La Raffia Women Sneaker Hevea Charcoal High unisce materiali naturali, texture raffinate e un tranquillo carattere mediterraneo. Ogni paio \u00e8 cucito a mano da artigiani marocchini utilizzando fibre di rafia selezionate che offrono una struttura traspirante e leggera e una sensazione morbida e organica che migliora con l&#8217;usura. L&#8217;intreccio di rafia Charcoal aggiunge profondit\u00e0 e un sottile tocco contemporaneo, pur mantenendo l&#8217;eleganza naturale che definisce il linguaggio del design di Raphia.  <\/p>\n<p>La silhouette high-top introduce una struttura delicata e una raffinatezza moderna, mantenendo il comfort arioso della rafia. La tomaia consente un flusso d&#8217;aria continuo e si adatta gradualmente ai contorni del piede, creando facilit\u00e0 e flessibilit\u00e0 personalizzate a ogni utilizzo. Il motivo Charcoal testurizzato offre un&#8217;espressione distintiva ma sobria che si integra senza sforzo nei guardaroba neutri e nelle tonalit\u00e0 della terra.  <\/p>\n<p>La suola in gomma Hevea naturale di prima qualit\u00e0 \u00e8 alla base della sneaker con una morbida elasticit\u00e0 e un&#8217;ottima stabilit\u00e0. Proveniente da gomma naturale, la suola offre durata, comfort e un effetto ammortizzante silenzioso che si adatta all&#8217;uso quotidiano. La calda tonalit\u00e0 organica della base in Hevea si armonizza naturalmente con la tomaia in rafia, creando un&#8217;estetica equilibrata e senza tempo.  <\/p>\n<p>Progettata per le donne che apprezzano l&#8217;autenticit\u00e0, i dettagli artigianali e la bellezza tattile dei materiali naturali, la Raffia Women Sneaker Hevea Charcoal High offre un approccio raffinato all&#8217;eleganza quotidiana. La sua forma pulita, la texture artigianale e la tonalit\u00e0 di ispirazione botanica riflettono uno stile di vita improntato alla calma semplicit\u00e0 e al comfort elevato. <\/p>\n","protected":false},"excerpt":{"rendered":"<p data-start=\"369\" data-end=\"542\">Una sneaker high-top da donna in rafia realizzata a mano con una raffinata trama Charcoal e una suola in Hevea naturale. Leggere, traspiranti e realizzate artigianalmente per un elevato comfort quotidiano. <\/p>\n","protected":false},"featured_media":76467,"comment_status":"open","ping_status":"closed","template":"","meta":[],"product_brand":[],"product_cat":[295],"product_tag":[262,214,259,244,256,275,235,226,231,271,265,222,248,274,268,240,218,252],"class_list":{"0":"post-76446","1":"product","2":"type-product","3":"status-publish","4":"has-post-thumbnail","6":"product_cat-donna","7":"product_tag-ambientale","8":"product_tag-cotone","9":"product_tag-fatto-a-mano","10":"product_tag-marca","11":"product_tag-marocco","12":"product_tag-marocco-2","13":"product_tag-materiale","14":"product_tag-naturale","15":"product_tag-naturalmente","16":"product_tag-negozio-online","17":"product_tag-puha","18":"product_tag-rafia","19":"product_tag-scarpe","20":"product_tag-scarpe-2","21":"product_tag-schoenwinkel","22":"product_tag-sostenibile","23":"product_tag-stampa","24":"product_tag-utrecht","25":"pa_color_feed-nero","26":"pa_gender_feed-female","27":"pa_kleur-naturale","28":"pa_size-293","29":"pa_size-287","30":"pa_size-291","31":"pa_size-286","32":"pa_size-171","33":"pa_size-175","34":"pa_size-181","35":"pa_size-186","37":"first","38":"instock","39":"taxable","40":"shipping-taxable","41":"purchasable","42":"product-type-variable","43":"has-default-attributes"},"jetpack_sharing_enabled":true,"_links":{"self":[{"href":"https:\/\/raphia.nl\/it\/wp-json\/wp\/v2\/product\/76446","targetHints":{"allow":["GET"]}}],"collection":[{"href":"https:\/\/raphia.nl\/it\/wp-json\/wp\/v2\/product"}],"about":[{"href":"https:\/\/raphia.nl\/it\/wp-json\/wp\/v2\/types\/product"}],"replies":[{"embeddable":true,"href":"https:\/\/raphia.nl\/it\/wp-json\/wp\/v2\/comments?post=76446"}],"wp:featuredmedia":[{"embeddable":true,"href":"https:\/\/raphia.nl\/it\/wp-json\/wp\/v2\/media\/76467"}],"wp:attachment":[{"href":"https:\/\/raphia.nl\/it\/wp-json\/wp\/v2\/media?parent=76446"}],"wp:term":[{"taxonomy":"product_brand","embeddable":true,"href":"https:\/\/raphia.nl\/it\/wp-json\/wp\/v2\/product_brand?post=76446"},{"taxonomy":"product_cat","embeddable":true,"href":"https:\/\/raphia.nl\/it\/wp-json\/wp\/v2\/product_cat?post=76446"},{"taxonomy":"product_tag","embeddable":true,"href":"https:\/\/raphia.nl\/it\/wp-json\/wp\/v2\/product_tag?post=76446"}],"curies":[{"name":"wp","href":"https:\/\/api.w.org\/{rel}","templated":true}]}}