{"id":76564,"date":"2025-11-14T00:56:29","date_gmt":"2025-11-13T23:56:29","guid":{"rendered":"https:\/\/raphia.nl\/product\/baskets-montantes-en-raphia-pour-femmes-hevea-naturel\/"},"modified":"2026-04-24T05:44:48","modified_gmt":"2026-04-24T04:44:48","slug":"baskets-montantes-en-raphia-pour-femmes-hevea-naturel","status":"publish","type":"product","link":"https:\/\/raphia.nl\/fr\/produit\/baskets-montantes-en-raphia-pour-femmes-hevea-naturel\/","title":{"rendered":"Baskets montantes en raphia pour femmes, h\u00e9v\u00e9a naturel"},"content":{"rendered":"<p>La Raffia Women Sneaker Hevea Natural High refl\u00e8te l&#8217;essence du langage de conception inspir\u00e9 de la M\u00e9diterran\u00e9e de Raphia \u00e0 travers sa texture tactile, son ton naturel chaud et sa construction artisanale. Chaque paire est cousue \u00e0 la main par des artisans marocains qui travaillent des fibres de raphia s\u00e9lectionn\u00e9es autour de la forme, cr\u00e9ant une tige l\u00e9g\u00e8re et respirante d\u00e9finie par une variation organique et une \u00e9l\u00e9gance tranquille. <\/p>\n<p>La silhouette high-top apporte une structure subtile et une pr\u00e9sence moderne et raffin\u00e9e, tout en conservant le confort a\u00e9rien du raphia. La tige permet une circulation continue de l&#8217;air et s&#8217;assouplit doucement \u00e0 l&#8217;usage, s&#8217;adaptant aux contours du pied et offrant une sensation de confort personnalis\u00e9e. <\/p>\n<p>La chaussure est dot\u00e9e d&#8217;une semelle en h\u00e9v\u00e9a naturel de premi\u00e8re qualit\u00e9, fabriqu\u00e9e \u00e0 partir de caoutchouc issu du d\u00e9veloppement durable. Cette semelle offre une r\u00e9silience douce, une flexibilit\u00e9 et une durabilit\u00e9 quotidienne, ajoutant un effet d&#8217;amortissement doux qui soutient les mouvements naturels. Son ton chaud et organique se marie harmonieusement avec la tige en raphia, renfor\u00e7ant ainsi l&#8217;esth\u00e9tique \u00e9quilibr\u00e9e et discr\u00e8te de la sneaker.  <\/p>\n<p>Con\u00e7ue pour les femmes qui appr\u00e9cient l&#8217;authenticit\u00e9 de l&#8217;artisanat, les fibres naturelles et la simplicit\u00e9, la Raffia Women Sneaker Hevea Natural High offre une approche raffin\u00e9e de la tenue quotidienne. Sa forme \u00e9pur\u00e9e, sa construction artisanale et sa chaleur m\u00e9diterran\u00e9enne en font un essentiel intemporel qui s&#8217;int\u00e8gre facilement dans les garde-robes neutres, les tenues en lin et les styles contemporains d\u00e9contract\u00e9s. <\/p>\n","protected":false},"excerpt":{"rendered":"<p data-start=\"256\" data-end=\"409\">Baskets montantes pour femmes en raphia naturel fabriqu\u00e9es \u00e0 la main et dot\u00e9es d&#8217;une semelle en h\u00e9v\u00e9a de premi\u00e8re qualit\u00e9. L\u00e9g\u00e8re, respirante et raffin\u00e9e avec un caract\u00e8re m\u00e9diterran\u00e9en calme. <\/p>\n","protected":false},"featured_media":76584,"comment_status":"open","ping_status":"closed","template":"","meta":[],"product_brand":[],"product_cat":[294],"product_tag":[273,249,215,241,266,263,219,260,277,245,237,228,232,269,223,278,253,272,257],"class_list":{"0":"post-76564","1":"product","2":"type-product","3":"status-publish","4":"has-post-thumbnail","6":"product_cat-femmes","7":"product_tag-boutique-en-ligne","8":"product_tag-chaussures","9":"product_tag-coton","10":"product_tag-durable","11":"product_tag-environnemental","12":"product_tag-fait-main","13":"product_tag-imprimer","14":"product_tag-maroc","15":"product_tag-maroc-2","16":"product_tag-marque","17":"product_tag-materiel","18":"product_tag-naturel","19":"product_tag-naturellement","20":"product_tag-puha","21":"product_tag-raphia","22":"product_tag-raphia-2","23":"product_tag-schoenen","24":"product_tag-schoenwinkel","25":"product_tag-utrecht","26":"pa_color_feed-natural","27":"pa_gender_feed-female","28":"pa_kleur-naturel","29":"pa_size-290","30":"pa_size-285","31":"pa_size-289","32":"pa_size-283","33":"pa_size-170","34":"pa_size-176","35":"pa_size-180","36":"pa_size-185","38":"first","39":"instock","40":"taxable","41":"shipping-taxable","42":"purchasable","43":"product-type-variable","44":"has-default-attributes"},"jetpack_sharing_enabled":true,"_links":{"self":[{"href":"https:\/\/raphia.nl\/fr\/wp-json\/wp\/v2\/product\/76564","targetHints":{"allow":["GET"]}}],"collection":[{"href":"https:\/\/raphia.nl\/fr\/wp-json\/wp\/v2\/product"}],"about":[{"href":"https:\/\/raphia.nl\/fr\/wp-json\/wp\/v2\/types\/product"}],"replies":[{"embeddable":true,"href":"https:\/\/raphia.nl\/fr\/wp-json\/wp\/v2\/comments?post=76564"}],"wp:featuredmedia":[{"embeddable":true,"href":"https:\/\/raphia.nl\/fr\/wp-json\/wp\/v2\/media\/76584"}],"wp:attachment":[{"href":"https:\/\/raphia.nl\/fr\/wp-json\/wp\/v2\/media?parent=76564"}],"wp:term":[{"taxonomy":"product_brand","embeddable":true,"href":"https:\/\/raphia.nl\/fr\/wp-json\/wp\/v2\/product_brand?post=76564"},{"taxonomy":"product_cat","embeddable":true,"href":"https:\/\/raphia.nl\/fr\/wp-json\/wp\/v2\/product_cat?post=76564"},{"taxonomy":"product_tag","embeddable":true,"href":"https:\/\/raphia.nl\/fr\/wp-json\/wp\/v2\/product_tag?post=76564"}],"curies":[{"name":"wp","href":"https:\/\/api.w.org\/{rel}","templated":true}]}}