{"id":75952,"date":"2025-11-14T02:07:20","date_gmt":"2025-11-14T01:07:20","guid":{"rendered":"https:\/\/raphia.nl\/product\/derbie-homme-en-raphia-semelle-en-cuir-stura-couleur-noyer\/"},"modified":"2026-04-24T05:03:04","modified_gmt":"2026-04-24T04:03:04","slug":"derbie-homme-en-raphia-semelle-en-cuir-stura-couleur-noyer","status":"publish","type":"product","link":"https:\/\/raphia.nl\/fr\/produit\/derbie-homme-en-raphia-semelle-en-cuir-stura-couleur-noyer\/","title":{"rendered":"derbie homme en raphia, semelle en cuir stura couleur noyer"},"content":{"rendered":"<p>Le Raffia Men Derby Stura Leather Sole Walnut est fabriqu\u00e9 avec une pr\u00e9sence chaleureuse et naturelle qui refl\u00e8te la profondeur et le caract\u00e8re des mat\u00e9riaux botaniques. Chaque paire est cousue \u00e0 la main par des artisans marocains qui utilisent du raphia naturel, s\u00e9lectionn\u00e9 pour sa texture organique, sa structure respirante et sa capacit\u00e9 \u00e0 s&#8217;adoucir gracieusement avec l&#8217;usure. La construction lente conf\u00e8re au derby une silhouette pos\u00e9e et raffin\u00e9e tout en pr\u00e9servant les irr\u00e9gularit\u00e9s authentiques qui r\u00e9v\u00e8lent un v\u00e9ritable savoir-faire artisanal.  <\/p>\n<p>Le ton noyer apporte une richesse \u00e0 la conception, offrant une teinte chaude et expressive avec des variations subtiles qui soulignent la nature artisanale du raphia. Cette profondeur de ton s&#8217;accorde facilement avec les garde-robes neutres et terreuses, cr\u00e9ant un \u00e9quilibre harmonieux entre texture naturelle et sophistication discr\u00e8te. <\/p>\n<p>La tige en raphia favorise la circulation continue de l&#8217;air et s&#8217;adapte naturellement aux contours du pied au fil du temps, tandis que la semelle en cuir de premi\u00e8re qualit\u00e9 apporte stabilit\u00e9 et raffinement silencieux. La semelle en cuir de premi\u00e8re qualit\u00e9 apporte stabilit\u00e9 et raffinement silencieux. Sa douceur et son soutien am\u00e9liorent le mouvement naturel de la chaussure, cr\u00e9ant un \u00e9quilibre r\u00e9fl\u00e9chi entre le confort l\u00e9ger et la durabilit\u00e9 \u00e0 toute \u00e9preuve. <\/p>\n<p>Con\u00e7u pour ceux qui appr\u00e9cient l&#8217;authenticit\u00e9, les mat\u00e9riaux tactiles et les d\u00e9tails artisanaux m\u00e9ticuleux, le Derby Stura Walnut est empreint d&#8217;un esprit m\u00e9diterran\u00e9en calme. Il s&#8217;associe parfaitement au lin, au coton et aux v\u00eatements sur mesure, offrant une interpr\u00e9tation raffin\u00e9e de l&#8217;aisance au quotidien, fa\u00e7onn\u00e9e par des mat\u00e9riaux naturels et une simplicit\u00e9 artisanale. <\/p>\n","protected":false},"excerpt":{"rendered":"<p>Un derby pour homme en raphia cousu main avec une semelle en cuir de premi\u00e8re qualit\u00e9 dans un ton chaud de noyer. L\u00e9ger, respirant et fabriqu\u00e9 avec un caract\u00e8re m\u00e9diterran\u00e9en raffin\u00e9. <\/p>\n","protected":false},"featured_media":75953,"comment_status":"open","ping_status":"closed","template":"","meta":[],"product_brand":[],"product_cat":[209],"product_tag":[273,249,215,241,266,263,219,260,277,245,237,228,232,269,223,278,253,272,257],"class_list":{"0":"post-75952","1":"product","2":"type-product","3":"status-publish","4":"has-post-thumbnail","6":"product_cat-hommes","7":"product_tag-boutique-en-ligne","8":"product_tag-chaussures","9":"product_tag-coton","10":"product_tag-durable","11":"product_tag-environnemental","12":"product_tag-fait-main","13":"product_tag-imprimer","14":"product_tag-maroc","15":"product_tag-maroc-2","16":"product_tag-marque","17":"product_tag-materiel","18":"product_tag-naturel","19":"product_tag-naturellement","20":"product_tag-puha","21":"product_tag-raphia","22":"product_tag-raphia-2","23":"product_tag-schoenen","24":"product_tag-schoenwinkel","25":"product_tag-utrecht","26":"pa_color_feed-brown","27":"pa_gender_feed-male","28":"pa_size-170","29":"pa_size-176","30":"pa_size-180","31":"pa_size-185","32":"pa_size-191","33":"pa_size-196","34":"pa_size-200","35":"pa_size-204","37":"first","38":"instock","39":"taxable","40":"shipping-taxable","41":"purchasable","42":"product-type-variable","43":"has-default-attributes"},"jetpack_sharing_enabled":true,"_links":{"self":[{"href":"https:\/\/raphia.nl\/fr\/wp-json\/wp\/v2\/product\/75952","targetHints":{"allow":["GET"]}}],"collection":[{"href":"https:\/\/raphia.nl\/fr\/wp-json\/wp\/v2\/product"}],"about":[{"href":"https:\/\/raphia.nl\/fr\/wp-json\/wp\/v2\/types\/product"}],"replies":[{"embeddable":true,"href":"https:\/\/raphia.nl\/fr\/wp-json\/wp\/v2\/comments?post=75952"}],"wp:featuredmedia":[{"embeddable":true,"href":"https:\/\/raphia.nl\/fr\/wp-json\/wp\/v2\/media\/75953"}],"wp:attachment":[{"href":"https:\/\/raphia.nl\/fr\/wp-json\/wp\/v2\/media?parent=75952"}],"wp:term":[{"taxonomy":"product_brand","embeddable":true,"href":"https:\/\/raphia.nl\/fr\/wp-json\/wp\/v2\/product_brand?post=75952"},{"taxonomy":"product_cat","embeddable":true,"href":"https:\/\/raphia.nl\/fr\/wp-json\/wp\/v2\/product_cat?post=75952"},{"taxonomy":"product_tag","embeddable":true,"href":"https:\/\/raphia.nl\/fr\/wp-json\/wp\/v2\/product_tag?post=75952"}],"curies":[{"name":"wp","href":"https:\/\/api.w.org\/{rel}","templated":true}]}}