{"id":76341,"date":"2025-11-14T01:32:39","date_gmt":"2025-11-14T00:32:39","guid":{"rendered":"https:\/\/raphia.nl\/product\/sneaker-mujer-rafia-hevea-rubia\/"},"modified":"2025-12-14T09:59:09","modified_gmt":"2025-12-14T08:59:09","slug":"sneaker-mujer-rafia-hevea-rubia","status":"publish","type":"product","link":"https:\/\/raphia.nl\/es\/producto\/sneaker-mujer-rafia-hevea-rubia\/","title":{"rendered":"Raffia hombre Sneaker Hevea Rubia"},"content":{"rendered":"<p data-start=\"596\" data-end=\"1046\">La zapatilla de hombre de rafia Hevea Rubia Low a\u00fana el refinamiento artesano, los materiales naturales y la discreta elegancia mediterr\u00e1nea. Cada par est\u00e1 cosido a mano por artesanos marroqu\u00edes que trabajan la rafia natural alrededor de la horma, dando forma a una parte superior ligera y transpirable te\u00f1ida con pigmentos vegetales de Rubia. Este tono bot\u00e1nico a\u00f1ade profundidad y calidez, dando a la zapatilla un car\u00e1cter distintivo que sigue siendo sutil y f\u00e1cil de combinar con armarios modernos y neutros.  <\/p>\n<p data-start=\"1048\" data-end=\"1419\">Las fibras de rafia se suavizan con el uso, adapt\u00e1ndose a los contornos \u00fanicos del pie para crear una comodidad natural y personalizada. Su silueta ofrece versatilidad para el d\u00eda a d\u00eda, combinando una facilidad relajada con un pulido sentido del dise\u00f1o. El tono Rubia eleva su est\u00e9tica minimalista, ofreciendo una declaraci\u00f3n tranquila para quienes aprecian la autenticidad y la artesan\u00eda.  <\/p>\n<p data-start=\"1421\" data-end=\"1801\">Bajo la parte superior, una suela de Hevea natural de primera calidad apoya cada paso con una amortiguaci\u00f3n flexible y una durabilidad fiable. Procedente del caucho natural, la suela est\u00e1 dise\u00f1ada para un movimiento suave, una comodidad duradera y una sensaci\u00f3n de contacto con el suelo adecuada para el uso diario. La sutil armon\u00eda entre el tinte Rubia y la base org\u00e1nica de Hevea resalta la equilibrada paleta inspirada en la tierra de la zapatilla.  <\/p>\n<p data-start=\"1803\" data-end=\"2037\">Esta zapatilla encaja sin esfuerzo en un estilo de vida de inspiraci\u00f3n mediterr\u00e1nea arraigado en texturas tranquilas, materiales naturales y artesan\u00eda de calidad. Ideal para quienes valoran la sencillez elevada y una refinada expresi\u00f3n de elegancia cotidiana. <\/p>\n","protected":false},"excerpt":{"rendered":"<p data-start=\"343\" data-end=\"506\">Una zapatilla artesanal de rafia te\u00f1ida en un c\u00e1lido tono Rubia, combinada con una suela natural de Hevea. Ligeras, transpirables y fabricadas artesanalmente para una refinada comodidad cotidiana. <\/p>\n","protected":false},"featured_media":76342,"comment_status":"open","ping_status":"closed","template":"","meta":[],"product_brand":[],"product_cat":[193],"product_tag":[242,194,238,233,198,216,229,236,211,208,206,246,202,250,212,254,224,227,220],"class_list":{"0":"post-76341","1":"product","2":"type-product","3":"status-publish","4":"has-post-thumbnail","6":"product_cat-hombre","7":"product_tag-puha","8":"product_tag-algodon","9":"product_tag-ambiental","10":"product_tag-hecho-a-mano","11":"product_tag-imprimir","12":"product_tag-marca","13":"product_tag-marruecos","14":"product_tag-marruecos-2","15":"product_tag-material","16":"product_tag-natural-2","17":"product_tag-natural","18":"product_tag-rafia-2","19":"product_tag-rafia","20":"product_tag-schoenwinkel","21":"product_tag-sostenible","22":"product_tag-tienda-web","23":"product_tag-utrecht","24":"product_tag-zapatos-2","25":"product_tag-zapatos","26":"pa_color_feed-rojo-rubia","27":"pa_gender_feed-male","28":"pa_size-172","29":"pa_size-174","30":"pa_size-177","31":"pa_size-179","32":"pa_size-183","33":"pa_size-184","34":"pa_size-188","35":"pa_size-189","37":"first","38":"instock","39":"shipping-taxable","40":"purchasable","41":"product-type-variable","42":"has-default-attributes"},"jetpack_sharing_enabled":true,"_links":{"self":[{"href":"https:\/\/raphia.nl\/es\/wp-json\/wp\/v2\/product\/76341","targetHints":{"allow":["GET"]}}],"collection":[{"href":"https:\/\/raphia.nl\/es\/wp-json\/wp\/v2\/product"}],"about":[{"href":"https:\/\/raphia.nl\/es\/wp-json\/wp\/v2\/types\/product"}],"replies":[{"embeddable":true,"href":"https:\/\/raphia.nl\/es\/wp-json\/wp\/v2\/comments?post=76341"}],"wp:featuredmedia":[{"embeddable":true,"href":"https:\/\/raphia.nl\/es\/wp-json\/wp\/v2\/media\/76342"}],"wp:attachment":[{"href":"https:\/\/raphia.nl\/es\/wp-json\/wp\/v2\/media?parent=76341"}],"wp:term":[{"taxonomy":"product_brand","embeddable":true,"href":"https:\/\/raphia.nl\/es\/wp-json\/wp\/v2\/product_brand?post=76341"},{"taxonomy":"product_cat","embeddable":true,"href":"https:\/\/raphia.nl\/es\/wp-json\/wp\/v2\/product_cat?post=76341"},{"taxonomy":"product_tag","embeddable":true,"href":"https:\/\/raphia.nl\/es\/wp-json\/wp\/v2\/product_tag?post=76341"}],"curies":[{"name":"wp","href":"https:\/\/api.w.org\/{rel}","templated":true}]}}